{"id":11936,"date":"2022-01-26T08:25:41","date_gmt":"2022-01-26T11:25:41","guid":{"rendered":"https:\/\/www.silvajardim.rj.gov.br\/?page_id=11936"},"modified":"2023-03-21T11:47:48","modified_gmt":"2023-03-21T14:47:48","slug":"o-municipio","status":"publish","type":"page","link":"https:\/\/www.silvajardim.rj.gov.br\/index.php\/o-municipio\/","title":{"rendered":"O Munic\u00edpio"},"content":{"rendered":"\t\t<div data-elementor-type=\"wp-page\" data-elementor-id=\"11936\" class=\"elementor elementor-11936\" data-elementor-settings=\"[]\">\n\t\t\t\t\t\t\t<div class=\"elementor-section-wrap\">\n\t\t\t\t\t\t\t<section data-particle_enable=\"false\" data-particle-mobile-disabled=\"false\" class=\"elementor-section elementor-top-section elementor-element elementor-element-78f4143 elementor-section-boxed elementor-section-height-default elementor-section-height-default\" data-id=\"78f4143\" data-element_type=\"section\">\n\t\t\t\t\t\t<div class=\"elementor-container elementor-column-gap-default\">\n\t\t\t\t\t<div class=\"elementor-column elementor-col-100 elementor-top-column elementor-element elementor-element-12d2ec3e\" data-id=\"12d2ec3e\" data-element_type=\"column\">\n\t\t\t<div class=\"elementor-widget-wrap elementor-element-populated\">\n\t\t\t\t\t\t\t\t<section data-particle_enable=\"false\" data-particle-mobile-disabled=\"false\" class=\"elementor-section elementor-inner-section elementor-element elementor-element-fc686b9 elementor-section-boxed elementor-section-height-default elementor-section-height-default\" data-id=\"fc686b9\" data-element_type=\"section\">\n\t\t\t\t\t\t<div class=\"elementor-container elementor-column-gap-default\">\n\t\t\t\t\t<div class=\"elementor-column elementor-col-50 elementor-inner-column elementor-element elementor-element-8c6a2fa\" data-id=\"8c6a2fa\" data-element_type=\"column\">\n\t\t\t<div class=\"elementor-widget-wrap elementor-element-populated\">\n\t\t\t\t\t\t\t\t<div class=\"elementor-element elementor-element-1a8d4389 elementor-widget elementor-widget-text-editor\" data-id=\"1a8d4389\" data-element_type=\"widget\" data-widget_type=\"text-editor.default\">\n\t\t\t\t<div class=\"elementor-widget-container\">\n\t\t\t\t\t\t\t<!-- wp:paragraph -->\n<p>\u00a0<\/p>\n<h2>O Munic\u00edpio<\/h2>\n<p>Seu nome atual \u00e9 uma homenagem ao\u00a0jornalista e pol\u00edtico fluminense\u00a0<a href=\"https:\/\/pt.wikipedia.org\/wiki\/Ant%C3%B4nio_da_Silva_Jardim\">Ant\u00f4nio da Silva Jardim<\/a>. Anteriormente o munic\u00edpio chamava-se\u00a0<em>Capivari<\/em>, cuja funda\u00e7\u00e3o se deu em\u00a01801, nas terras de D. Maria Rodrigues, vi\u00fava de Manoel da Silveira Azevedo, onde o casal havia constru\u00eddo uma capela em devo\u00e7\u00e3o \u00e0 Sant\u2019Ana. A vi\u00fava doou a capela e seu entorno, para a cria\u00e7\u00e3o da par\u00f3quia de Nossa Senhora da Lapa de Capivari, a pedido da popula\u00e7\u00e3o local. No entorno da capela formou-se o vilarejo, que posteriormente foi elevado \u00e0 categoria de freguesia, e mais adiante \u00e0 categoria de vila, por decreto de\u00a01841, separando-se definitivamente do munic\u00edpio de Cabo Frio. A condi\u00e7\u00e3o imposta para o desmembramento, era de que alguns fazendeiros locais se responsabilizassem e constru\u00edssem uma c\u00e2mara, que executava as mesmas fun\u00e7\u00f5es atuais de uma prefeitura, bem como uma cadeia para a nova vila. O Major\u00a0<a href=\"https:\/\/pt.wikipedia.org\/wiki\/Joaquim_Fernandes_Lopes_Ramos\">Joaquim Fernandes Lopes Ramos<\/a>, o Alferes Luiz Gomes da Silva Leite, juntamente com alguns membros da fam\u00edlia Pinto Coelho, executaram as constru\u00e7\u00f5es entre os anos de 1841\u00a0e 1843, atendendo assim \u00e0s exig\u00eancias.\u00a0A partir do ano de 1943, a vila de Capivari teve seu nome modificado para Silva Jardim, denomina\u00e7\u00e3o esta que perdura at\u00e9 os dias atuais.<\/p>\n<!-- \/wp:paragraph --><!-- wp:heading {\"level\":4} -->\n<h4 id=\"geografia\">Geografia<\/h4>\n<!-- \/wp:heading --><!-- wp:paragraph -->\n<p>Localiza-se 35 metros acima do n\u00edvel do mar. Contando com uma popula\u00e7\u00e3o de 22.158 habitantes (2008), faz divisa com os munic\u00edpios de Casimiro de Abreu, Nova Friburgo, Rio Bonito, Cachoeiras de Macacu e Araruama. Ocupa uma \u00e1rea de 938,336 km\u00b2.<\/p>\n<!-- \/wp:paragraph --><!-- wp:paragraph -->\n<p>Dentre as localidades mais importantes inscritas no territ\u00f3rio municipal (todas pr\u00f3ximas \u00e0 Serra do Mar), est\u00e3o Quart\u00e9is ou Aldeia Velha, Bananeiras e Gavi\u00f5es.<\/p>\n<!-- \/wp:paragraph --><!-- wp:paragraph -->\n<p>Vale destacar que uma parte do seu territ\u00f3rio encontra-se protegido pela Reserva Biol\u00f3gica Po\u00e7o das Antas, reserva biol\u00f3gica federal destinada ao projeto de preserva\u00e7\u00e3o da Mata Atl\u00e2ntica e do mico-le\u00e3o-dourado, que fica a beira da BR 101.<\/p>\n<!-- \/wp:paragraph --><!-- wp:paragraph -->\n<p>Outro local de interesse ecol\u00f3gico \u00e9 a Lagoa de Juturna\u00edba, situada no rio S\u00e3o Jo\u00e3o, e represada para prover o abastecimento de \u00e1gua em Cabo Frio e outras cidades da Regi\u00e3o dos Lagos fluminense.<\/p>\n<!-- \/wp:paragraph --><!-- wp:heading {\"level\":4} -->\n<h4 id=\"turismo\">Turismo<\/h4>\n<!-- \/wp:heading --><!-- wp:paragraph -->\n<p>O\u00a0<a href=\"https:\/\/pt.wikipedia.org\/wiki\/Munic%C3%ADpio\">munic\u00edpio<\/a>\u00a0apresenta grande potencial\u00a0<a href=\"https:\/\/pt.wikipedia.org\/wiki\/Turismo\">tur\u00edstico<\/a>\u00a0natural ainda n\u00e3o explorado, com a\u00a0<a href=\"https:\/\/pt.wikipedia.org\/wiki\/Lagoa_de_Juturna%C3%ADba\">Lagoa de Juturna\u00edba<\/a>\u00a0e os\u00a0<a href=\"https:\/\/pt.wikipedia.org\/wiki\/Rio\">rios<\/a>\u00a0com\u00a0<a href=\"https:\/\/pt.wikipedia.org\/wiki\/Cachoeira\">cachoeiras<\/a>\u00a0\u2013 que permitem o\u00a0<a href=\"https:\/\/pt.wikipedia.org\/wiki\/Ecoturismo\">ecoturismo<\/a>\u00a0e o turismo de aventura \u2013 constituindo os principais pontos de interesse.<\/p>\n<!-- \/wp:paragraph --><!-- wp:heading {\"level\":4} -->\n<h4 id=\"registros-de-silva-jardinenses-ilustres\">Registros de Silva-jardinenses ilustres<\/h4>\n<!-- \/wp:heading --><!-- wp:paragraph -->\n<p>Dentre os nascidos em Silva Jardim est\u00e1 o poeta\u00a0<a href=\"https:\/\/pt.wikipedia.org\/wiki\/Casimiro_de_Abreu\">Casimiro de Abreu<\/a>, nascido na Fazenda da Prata, de propriedade de sua m\u00e3e, em Correntezas, a atriz\u00a0<a href=\"https:\/\/pt.wikipedia.org\/wiki\/Zez%C3%A9_Macedo\">Zez\u00e9 Macedo<\/a>, o artilheiro\u00a0<a href=\"https:\/\/pt.wikipedia.org\/wiki\/Jorge_Pinto_Mendon%C3%A7a\">Jorge Pinto Mendon\u00e7a<\/a>, os cidad\u00e3os\u00a0<a href=\"https:\/\/pt.wikipedia.org\/wiki\/Saturnino_Duarte_Silveira\">Saturnino Duarte Silveira<\/a>\u00a0e\u00a0<a href=\"https:\/\/pt.wikipedia.org\/wiki\/Jo%C3%A3o_Duarte_Silveira\">Jo\u00e3o Duarte Silveira<\/a>, Gualter Caldeira do Nascimento, muito querido e conhecido, participou ativamente das atividades esportivas, sociais, pol\u00edticas e de entretenimento da cidade, tendo at\u00e9 mesmo um Gin\u00e1sio Poliesportivo na cidade que leva seu nome em homenagem p\u00f3stuma<strong>,<\/strong>\u00a0e o pr\u00f3prio\u00a0<a href=\"https:\/\/pt.wikipedia.org\/wiki\/Ant%C3%B4nio_da_Silva_Jardim\">Ant\u00f4nio da Silva Jardim<\/a>, cujo nome batiza o munic\u00edpio.<\/p>\n<!-- \/wp:paragraph -->\t\t\t\t\t\t<\/div>\n\t\t\t\t<\/div>\n\t\t\t\t\t<\/div>\n\t\t<\/div>\n\t\t\t\t<div class=\"elementor-column elementor-col-50 elementor-inner-column elementor-element elementor-element-a8c1f9b\" data-id=\"a8c1f9b\" data-element_type=\"column\">\n\t\t\t<div class=\"elementor-widget-wrap\">\n\t\t\t\t\t\t\t\t\t<\/div>\n\t\t<\/div>\n\t\t\t\t\t\t\t<\/div>\n\t\t<\/section>\n\t\t\t\t\t<\/div>\n\t\t<\/div>\n\t\t\t\t\t\t\t<\/div>\n\t\t<\/section>\n\t\t\t\t<section data-particle_enable=\"false\" data-particle-mobile-disabled=\"false\" class=\"elementor-section elementor-top-section elementor-element elementor-element-1c6453a5 elementor-hidden-tablet elementor-hidden-mobile elementor-section-boxed elementor-section-height-default elementor-section-height-default\" data-id=\"1c6453a5\" data-element_type=\"section\" id=\"xs_footer_8\" data-settings=\"{&quot;background_background&quot;:&quot;classic&quot;}\">\n\t\t\t\t\t\t<div class=\"elementor-container elementor-column-gap-default\">\n\t\t\t\t\t<div class=\"elementor-column elementor-col-25 elementor-top-column elementor-element elementor-element-4fe485cc\" data-id=\"4fe485cc\" data-element_type=\"column\">\n\t\t\t<div class=\"elementor-widget-wrap elementor-element-populated\">\n\t\t\t\t\t\t\t\t\t<\/div>\n\t\t<\/div>\n\t\t\t\t<div class=\"elementor-column elementor-col-25 elementor-top-column elementor-element elementor-element-4ed842fc\" data-id=\"4ed842fc\" data-element_type=\"column\">\n\t\t\t<div class=\"elementor-widget-wrap elementor-element-populated\">\n\t\t\t\t\t\t\t\t\t<\/div>\n\t\t<\/div>\n\t\t\t\t<div class=\"elementor-column elementor-col-25 elementor-top-column elementor-element elementor-element-4fefd4fb\" data-id=\"4fefd4fb\" data-element_type=\"column\">\n\t\t\t<div class=\"elementor-widget-wrap elementor-element-populated\">\n\t\t\t\t\t\t\t\t\t<\/div>\n\t\t<\/div>\n\t\t\t\t<div class=\"elementor-column elementor-col-25 elementor-top-column elementor-element elementor-element-6392da82\" data-id=\"6392da82\" data-element_type=\"column\">\n\t\t\t<div class=\"elementor-widget-wrap elementor-element-populated\">\n\t\t\t\t\t\t\t\t<div class=\"elementor-element elementor-element-65c511cb elementor-widget elementor-widget-heading\" data-id=\"65c511cb\" data-element_type=\"widget\" data-widget_type=\"heading.default\">\n\t\t\t\t<div class=\"elementor-widget-container\">\n\t\t\t<h2 class=\"elementor-heading-title elementor-size-default\">Nossas redes sociais<\/h2>\t\t<\/div>\n\t\t\t\t<\/div>\n\t\t\t\t<div class=\"elementor-element elementor-element-608a70a elementor-widget elementor-widget-elementskit-social-media\" data-id=\"608a70a\" data-element_type=\"widget\" data-widget_type=\"elementskit-social-media.default\">\n\t\t\t\t<div class=\"elementor-widget-container\">\n\t\t\t<div class=\"ekit-wid-con\" >\t\t\t <ul class=\"ekit_social_media\">\n\t\t\t\t\t\t\t\t\t\t\t\t\t\t<li class=\"elementor-repeater-item-8f591b9\">\n\t\t\t\t\t    <a\n\t\t\t\t\t\thref=\"https:\/\/www.facebook.com\/prefeiturasilvajardim\" class=\"2\" >\n\t\t\t\t\t\t\t\t\t\t\t\t\t\t\n\t\t\t\t\t\t\t<i aria-hidden=\"true\" class=\"icon icon-facebook-2\"><\/i>\t\t\t\t\t\t\t\t\t\n                                                                                                            <\/a>\n                    <\/li>\n                    \t\t\t\t\t\t\t\t\t\t\t\t\t\t<li class=\"elementor-repeater-item-a9743cf\">\n\t\t\t\t\t    <a\n\t\t\t\t\t\thref=\"https:\/\/www.instagram.com\/silvajardimoficial\/\" class=\"instagram\" >\n\t\t\t\t\t\t\t\t\t\t\t\t\t\t\n\t\t\t\t\t\t\t<i aria-hidden=\"true\" class=\"fab fa-instagram\"><\/i>\t\t\t\t\t\t\t\t\t\n                                                                                                            <\/a>\n                    <\/li>\n                    \t\t\t\t\t\t\t<\/ul>\n\t\t<\/div>\t\t<\/div>\n\t\t\t\t<\/div>\n\t\t\t\t<div class=\"elementor-element elementor-element-4f70cf5e elementor-widget elementor-widget-heading\" data-id=\"4f70cf5e\" data-element_type=\"widget\" data-widget_type=\"heading.default\">\n\t\t\t\t<div class=\"elementor-widget-container\">\n\t\t\t<h2 class=\"elementor-heading-title elementor-size-default\">Assessoria de Imprensa<\/h2>\t\t<\/div>\n\t\t\t\t<\/div>\n\t\t\t\t<div class=\"elementor-element elementor-element-3419764 elementor-widget elementor-widget-heading\" data-id=\"3419764\" data-element_type=\"widget\" data-widget_type=\"heading.default\">\n\t\t\t\t<div class=\"elementor-widget-container\">\n\t\t\t<h2 class=\"elementor-heading-title elementor-size-default\">(22) 99728-2498<\/h2>\t\t<\/div>\n\t\t\t\t<\/div>\n\t\t\t\t\t<\/div>\n\t\t<\/div>\n\t\t\t\t\t\t\t<\/div>\n\t\t<\/section>\n\t\t\t\t<section data-particle_enable=\"false\" data-particle-mobile-disabled=\"false\" class=\"elementor-section elementor-top-section elementor-element elementor-element-7b0f84ea elementor-section-stretched elementor-hidden-desktop elementor-section-boxed elementor-section-height-default elementor-section-height-default\" data-id=\"7b0f84ea\" data-element_type=\"section\" data-settings=\"{&quot;stretch_section&quot;:&quot;section-stretched&quot;}\">\n\t\t\t\t\t\t<div class=\"elementor-container elementor-column-gap-default\">\n\t\t\t\t\t<div class=\"elementor-column elementor-col-100 elementor-top-column elementor-element elementor-element-339ee6bf\" data-id=\"339ee6bf\" data-element_type=\"column\">\n\t\t\t<div class=\"elementor-widget-wrap elementor-element-populated\">\n\t\t\t\t\t\t\t\t<div class=\"elementor-element elementor-element-984c92c elementor-widget elementor-widget-image\" data-id=\"984c92c\" data-element_type=\"widget\" data-widget_type=\"image.default\">\n\t\t\t\t<div class=\"elementor-widget-container\">\n\t\t\t\t\t\t\t\t\t\t\t\t\t\t\t<img loading=\"lazy\" decoding=\"async\" width=\"742\" height=\"1024\" src=\"https:\/\/www.silvajardim.rj.gov.br\/wp-content\/uploads\/2023\/03\/RODAPE-742x1024.png\" class=\"attachment-large size-large\" alt=\"\" srcset=\"https:\/\/www.silvajardim.rj.gov.br\/wp-content\/uploads\/2023\/03\/RODAPE-742x1024.png 742w, https:\/\/www.silvajardim.rj.gov.br\/wp-content\/uploads\/2023\/03\/RODAPE-217x300.png 217w, https:\/\/www.silvajardim.rj.gov.br\/wp-content\/uploads\/2023\/03\/RODAPE-768x1060.png 768w, https:\/\/www.silvajardim.rj.gov.br\/wp-content\/uploads\/2023\/03\/RODAPE.png 1080w\" sizes=\"auto, (max-width: 742px) 100vw, 742px\" \/>\t\t\t\t\t\t\t\t\t\t\t\t\t\t\t<\/div>\n\t\t\t\t<\/div>\n\t\t\t\t\t<\/div>\n\t\t<\/div>\n\t\t\t\t\t\t\t<\/div>\n\t\t<\/section>\n\t\t\t\t<section data-particle_enable=\"false\" data-particle-mobile-disabled=\"false\" class=\"elementor-section elementor-top-section elementor-element elementor-element-66f1c6ae elementor-section-boxed elementor-section-height-default elementor-section-height-default\" data-id=\"66f1c6ae\" data-element_type=\"section\" data-settings=\"{&quot;background_background&quot;:&quot;classic&quot;}\">\n\t\t\t\t\t\t<div class=\"elementor-container elementor-column-gap-default\">\n\t\t\t\t\t<div class=\"elementor-column elementor-col-100 elementor-top-column elementor-element elementor-element-294f047b\" data-id=\"294f047b\" data-element_type=\"column\">\n\t\t\t<div class=\"elementor-widget-wrap elementor-element-populated\">\n\t\t\t\t\t\t\t\t<div class=\"elementor-element elementor-element-2ddec57e elementor-widget elementor-widget-elementskit-heading\" data-id=\"2ddec57e\" data-element_type=\"widget\" data-widget_type=\"elementskit-heading.default\">\n\t\t\t\t<div class=\"elementor-widget-container\">\n\t\t\t<div class=\"ekit-wid-con\" ><div class=\"ekit-heading elementskit-section-title-wraper text_center   ekit_heading_tablet-   ekit_heading_mobile-text_center\"><p class=\"ekit-heading--title elementskit-section-title \">\n\t\t\t\t\tPrefeitura Municipal de Silva Jardim - CNPJ: 28.741.098\/0001-57 - Rua Luiz Gomes, 46, Centro - Silva Jardim\/RJ - CEP: 28820-000\n\t\t\t\t<\/p><\/div><\/div>\t\t<\/div>\n\t\t\t\t<\/div>\n\t\t\t\t\t<\/div>\n\t\t<\/div>\n\t\t\t\t\t\t\t<\/div>\n\t\t<\/section>\n\t\t\t\t\t\t<\/div>\n\t\t\t\t\t<\/div>\n\t\t","protected":false},"excerpt":{"rendered":"<p>\u00a0 O Munic\u00edpio Seu nome atual \u00e9 uma homenagem ao\u00a0jornalista e pol\u00edtico fluminense\u00a0Ant\u00f4nio da Silva Jardim. Anteriormente o munic\u00edpio chamava-se\u00a0Capivari,<\/p>\n","protected":false},"author":1,"featured_media":0,"parent":0,"menu_order":0,"comment_status":"closed","ping_status":"closed","template":"","meta":{"_mi_skip_tracking":false,"footnotes":""},"class_list":["post-11936","page","type-page","status-publish","hentry"],"_links":{"self":[{"href":"https:\/\/www.silvajardim.rj.gov.br\/index.php\/wp-json\/wp\/v2\/pages\/11936","targetHints":{"allow":["GET"]}}],"collection":[{"href":"https:\/\/www.silvajardim.rj.gov.br\/index.php\/wp-json\/wp\/v2\/pages"}],"about":[{"href":"https:\/\/www.silvajardim.rj.gov.br\/index.php\/wp-json\/wp\/v2\/types\/page"}],"author":[{"embeddable":true,"href":"https:\/\/www.silvajardim.rj.gov.br\/index.php\/wp-json\/wp\/v2\/users\/1"}],"replies":[{"embeddable":true,"href":"https:\/\/www.silvajardim.rj.gov.br\/index.php\/wp-json\/wp\/v2\/comments?post=11936"}],"version-history":[{"count":16,"href":"https:\/\/www.silvajardim.rj.gov.br\/index.php\/wp-json\/wp\/v2\/pages\/11936\/revisions"}],"predecessor-version":[{"id":18126,"href":"https:\/\/www.silvajardim.rj.gov.br\/index.php\/wp-json\/wp\/v2\/pages\/11936\/revisions\/18126"}],"wp:attachment":[{"href":"https:\/\/www.silvajardim.rj.gov.br\/index.php\/wp-json\/wp\/v2\/media?parent=11936"}],"curies":[{"name":"wp","href":"https:\/\/api.w.org\/{rel}","templated":true}]}}