{"id":12338,"date":"2022-01-28T11:10:05","date_gmt":"2022-01-28T14:10:05","guid":{"rendered":"https:\/\/www.silvajardim.rj.gov.br\/?page_id=12338"},"modified":"2023-03-21T13:59:32","modified_gmt":"2023-03-21T16:59:32","slug":"plano-de-contingencia-covid-19","status":"publish","type":"page","link":"https:\/\/www.silvajardim.rj.gov.br\/index.php\/plano-de-contingencia-covid-19\/","title":{"rendered":"Plano de Conting\u00eancia Covid-19"},"content":{"rendered":"\t\t<div data-elementor-type=\"wp-page\" data-elementor-id=\"12338\" class=\"elementor elementor-12338\" data-elementor-settings=\"[]\">\n\t\t\t\t\t\t\t<div class=\"elementor-section-wrap\">\n\t\t\t\t\t\t\t<section data-particle_enable=\"false\" data-particle-mobile-disabled=\"false\" class=\"elementor-section elementor-top-section elementor-element elementor-element-88e0970 elementor-section-boxed elementor-section-height-default elementor-section-height-default\" data-id=\"88e0970\" data-element_type=\"section\">\n\t\t\t\t\t\t<div class=\"elementor-container elementor-column-gap-default\">\n\t\t\t\t\t<div class=\"elementor-column elementor-col-100 elementor-top-column elementor-element elementor-element-90c6214\" data-id=\"90c6214\" data-element_type=\"column\">\n\t\t\t<div class=\"elementor-widget-wrap elementor-element-populated\">\n\t\t\t\t\t\t\t\t<div class=\"elementor-element elementor-element-c7572d9 elementor-widget elementor-widget-image\" data-id=\"c7572d9\" data-element_type=\"widget\" data-widget_type=\"image.default\">\n\t\t\t\t<div class=\"elementor-widget-container\">\n\t\t\t\t\t\t\t\t\t\t\t\t\t\t\t<img loading=\"lazy\" decoding=\"async\" width=\"800\" height=\"63\" src=\"https:\/\/www.silvajardim.rj.gov.br\/wp-content\/uploads\/2022\/03\/PLANO-DE-CONTINGENCIA-COVID-19-1024x80.png\" class=\"attachment-large size-large\" alt=\"\" srcset=\"https:\/\/www.silvajardim.rj.gov.br\/wp-content\/uploads\/2022\/03\/PLANO-DE-CONTINGENCIA-COVID-19-1024x80.png 1024w, https:\/\/www.silvajardim.rj.gov.br\/wp-content\/uploads\/2022\/03\/PLANO-DE-CONTINGENCIA-COVID-19-300x23.png 300w, https:\/\/www.silvajardim.rj.gov.br\/wp-content\/uploads\/2022\/03\/PLANO-DE-CONTINGENCIA-COVID-19-768x60.png 768w, https:\/\/www.silvajardim.rj.gov.br\/wp-content\/uploads\/2022\/03\/PLANO-DE-CONTINGENCIA-COVID-19.png 1280w\" sizes=\"auto, (max-width: 800px) 100vw, 800px\" \/>\t\t\t\t\t\t\t\t\t\t\t\t\t\t\t<\/div>\n\t\t\t\t<\/div>\n\t\t\t\t<div class=\"elementor-element elementor-element-8d3ebd2 elementor-widget elementor-widget-wpfd_choose_category\" data-id=\"8d3ebd2\" data-element_type=\"widget\" data-widget_type=\"wpfd_choose_category.default\">\n\t\t\t\t<div class=\"elementor-widget-container\">\n\t\t\t<div id=\"wpfd-elementor-category\" class=\"wpfd-elementor-category\"><div class=\"wpfd-content wpfd-content-default wpfd-content-multi\" data-category=\"324\"><input type=\"hidden\" id=\"current_category_324\" value=\"324\" \/>                    <input type=\"hidden\" id=\"current_category_slug_324\" value=\"plano-contingencia-covid-19\" \/>                    <input type=\"hidden\" id=\"current_ordering_324\" value=\"title\" \/>                    <input type=\"hidden\" id=\"current_ordering_direction_324\" value=\"desc\" \/><a data-catid=\"\" class=\"default-download-category \" href=\"https:\/\/www.silvajardim.rj.gov.br\/index.php\/download\/wpfdcat\/324\/plano-contingencia-covid-19\">Baixar todos                                <i class=\"zmdi zmdi-check-all wpfd-download-category\"><\/i>                            <\/a><ul class=\"breadcrumbs wpfd-breadcrumbs-default head-category-default\">                            <li class=\"active\">Plano Conting\u00eancia Covid-19<\/li>                        <\/ul>    <script type=\"text\/x-handlebars-template\" class=\"wpfd-template-categories\">        <div class=\"wpfd-categories\">{{#if category}}{{#with category}}<h2>{{name}}<\/h2>{{#if parent}}<a class=\"catlink backcategory\" href=\"#\" data-idcat=\"{{parent}}\">                        <i class=\"zmdi zmdi-chevron-left\"><\/i><span>Voltar<\/span><\/a>{{\/if}}{{\/with}}{{\/if}}{{#if categories}}{{#each categories}}<a class=\"wpfdcategory catlink\" style=\"margin : 10px 10px 10px 10px;\" href=\"#\" data-idcat=\"{{term_id}}\" title=\"{{name}}\">                                <span>{{name}}<\/span><i class=\"zmdi zmdi-folder wpfd-folder\"><\/i>                            <\/a>{{\/each}}{{\/if}}<div class=\"wpfdcategory_placeholder\" style=\"margin : 0 10px 0 10px;\"><\/div><div class=\"wpfdcategory_placeholder\" style=\"margin : 0 10px 0 10px;\"><\/div><div class=\"wpfdcategory_placeholder\" style=\"margin : 0 10px 0 10px;\"><\/div><\/div>    <\/script>    <script type=\"text\/x-handlebars-template\" class=\"wpfd-template-files\">        {{#if files }}        <div class=\"wpfd_list\">            {{#each files}}            <div class=\"file\" style=\"margin : 10px 10px 10px 10px;\" data-id=\"{{ID}}\" data-catid=\"{{catid}}\">                <div class=\"filecontent\">                    {{#if file_custom_icon}}                    <div class=\"icon-custom\"><img decoding=\"async\" src=\"{{file_custom_icon}}\"><\/div>                    {{else}}                    <div class=\"ext ext-{{ext}}\"><span class=\"txt\">{{ext}}<\/span><\/div>                    {{\/if}}<h3><label class=\"wpfd_checkbox\"><input class=\"cbox_file_download\" type=\"checkbox\" data-id=\"{{ID}}\" \/><span><\/span><\/label><a href=\"{{linkdownload}}\"  class=\"wpfd_downloadlink\" title=\"{{post_title}}\">{{{crop_title}}}<\/a><\/h3>                    <div class=\"file-xinfo\">                        {{#if description}}<div class=\"file-desc\">{{{description}}}<\/div>{{\/if}}{{#if versionNumber}}<div class=\"file-version\"><span>Vers\u00e3o:<\/span> {{versionNumber}}<\/div>{{\/if}}<div class=\"file-size\"><span>Tamanho:<\/span> {{bytesToSize size}}<\/div><div class=\"file-hits\"><span>Hits:<\/span> {{hits}}<\/div><div class=\"file-dated\"><span>Data de adi\u00e7\u00e3o<\/span> {{created}}<\/div>                    <\/div>                <\/div>                <span class=\"file-right\">                    <a class=\"downloadlink wpfd_downloadlink\"  href=\"{{linkdownload}}\" style=\"background-color:#51d8ed;color:#06090a;\">Baixar<i class=\"zmdi zmdi-cloud-download wpfd-download\"><\/i><\/a>{{#if openpdflink}}<a class=\"openlink wpfdlightbox wpfd_previewlink\" href=\"{{openpdflink}}\" target=\"\">Visualizar                            <i class=\"zmdi zmdi-filter-center-focus wpfd-preview\"><\/i>                        <\/a>{{else}}{{#if viewerlink}}<a                            href=\"{{viewerlink}}\"                            class=\"openlink wpfdlightbox wpfd_previewlink\"                            target=\"\"                            data-id=\"{{ID}}\"                            data-catid=\"{{catid}}\"                            data-file-type=\"{{ext}}\">Visualizar<i class=\"zmdi zmdi-filter-center-focus wpfd-preview\"><\/i>                        <\/a>{{\/if}}{{\/if}}                <\/span>            <\/div>            {{\/each}}            <div class=\"file flex_span\" style=\"margin : 10px 10px 10px 10px;\"><\/div>        <\/div>        {{\/if}}    <\/script><div class=\"wpfd-container\">    <div class=\"wpfd-foldertree wpfd-foldertree-default foldertree-hide\"><\/div>    <div class=\"wpfd-open-tree\"><\/div>    <div class=\"wpfd-container-default  with_foldertree\">        <div class=\"wpfd-categories\"><h2>Plano Conting\u00eancia Covid-19<\/h2><\/div>                    <div class=\"wpfd_list\">                                    <div class=\"file\" style=\"margin : 10px 10px 10px 10px;\"                         data-id=\"12343\"                         data-catid=\"324\">                        <div class=\"filecontent\">                            <div class=\"ext ext-pdf\"><span class=\"txt\">pdf<\/div><h3><label class=\"wpfd_checkbox\"><input class=\"cbox_file_download\" type=\"checkbox\" data-id=\"12343\" \/><span><\/span><\/label><a href=\"https:\/\/www.silvajardim.rj.gov.br\/index.php\/download\/324\/plano-contingencia-covid-19\/12343\/plano-de-contigencia-atual-2.pdf\"  class=\"wpfd_downloadlink\" title=\"PLANO DE CONTIGENCIA  ATUAL\">PLANO DE CONTIGENCIA  ATUAL<\/a><\/h3>                            <div class=\"file-xinfo\">                                <div class=\"file-size\"><span>Tamanho:<\/span> 1.32 MB<\/div><div class=\"file-hits\"><span>Hits:<\/span> 585<\/div><div class=\"file-dated\"><span>Data de adi\u00e7\u00e3o<\/span> 28-01-2022<\/div>                            <\/div>                        <\/div>                        <div class=\"file-right\">                            <a class=\"downloadlink wpfd_downloadlink\"  href=\"https:\/\/www.silvajardim.rj.gov.br\/index.php\/download\/324\/plano-contingencia-covid-19\/12343\/plano-de-contigencia-atual-2.pdf\" style=\"background-color:#51d8ed;color:#06090a;\">Baixar<i class=\"zmdi zmdi-cloud-download wpfd-download\"><\/i><\/a><a class=\"openlink wpfdlightbox wpfd_previewlink\" href=\"https:\/\/www.silvajardim.rj.gov.br\/wp-admin\/admin-ajax.php?juwpfisadmin=false&#038;action=wpfd&#038;task=file.download&#038;wpfd_category_id=324&#038;wpfd_file_id=12343&#038;token=&#038;preview=1\" target=\"\">Visualizar                            <i class=\"zmdi zmdi-filter-center-focus wpfd-preview\"><\/i>                        <\/a>                        <\/div>                    <\/div>                                <div class=\"file flex_span\" style=\"margin : 10px 10px 10px 10px;\"><\/div>            <\/div>                    <\/div><\/div><\/div><\/div>\t\t<\/div>\n\t\t\t\t<\/div>\n\t\t\t\t\t<\/div>\n\t\t<\/div>\n\t\t\t\t\t\t\t<\/div>\n\t\t<\/section>\n\t\t\t\t<section data-particle_enable=\"false\" data-particle-mobile-disabled=\"false\" class=\"elementor-section elementor-top-section elementor-element elementor-element-2f824878 elementor-hidden-tablet elementor-hidden-mobile elementor-section-boxed elementor-section-height-default elementor-section-height-default\" data-id=\"2f824878\" data-element_type=\"section\" id=\"xs_footer_8\" data-settings=\"{&quot;background_background&quot;:&quot;classic&quot;}\">\n\t\t\t\t\t\t<div class=\"elementor-container elementor-column-gap-default\">\n\t\t\t\t\t<div class=\"elementor-column elementor-col-25 elementor-top-column elementor-element elementor-element-f507580\" data-id=\"f507580\" data-element_type=\"column\">\n\t\t\t<div class=\"elementor-widget-wrap elementor-element-populated\">\n\t\t\t\t\t\t\t\t\t<\/div>\n\t\t<\/div>\n\t\t\t\t<div class=\"elementor-column elementor-col-25 elementor-top-column elementor-element elementor-element-2cf8ea9c\" data-id=\"2cf8ea9c\" data-element_type=\"column\">\n\t\t\t<div class=\"elementor-widget-wrap elementor-element-populated\">\n\t\t\t\t\t\t\t\t\t<\/div>\n\t\t<\/div>\n\t\t\t\t<div class=\"elementor-column elementor-col-25 elementor-top-column elementor-element elementor-element-11585ffb\" data-id=\"11585ffb\" data-element_type=\"column\">\n\t\t\t<div class=\"elementor-widget-wrap elementor-element-populated\">\n\t\t\t\t\t\t\t\t\t<\/div>\n\t\t<\/div>\n\t\t\t\t<div class=\"elementor-column elementor-col-25 elementor-top-column elementor-element elementor-element-75a37820\" data-id=\"75a37820\" data-element_type=\"column\">\n\t\t\t<div class=\"elementor-widget-wrap elementor-element-populated\">\n\t\t\t\t\t\t\t\t<div class=\"elementor-element elementor-element-3f3dd120 elementor-widget elementor-widget-heading\" data-id=\"3f3dd120\" data-element_type=\"widget\" data-widget_type=\"heading.default\">\n\t\t\t\t<div class=\"elementor-widget-container\">\n\t\t\t<h2 class=\"elementor-heading-title elementor-size-default\">Nossas redes sociais<\/h2>\t\t<\/div>\n\t\t\t\t<\/div>\n\t\t\t\t<div class=\"elementor-element elementor-element-127fc0d2 elementor-widget elementor-widget-elementskit-social-media\" data-id=\"127fc0d2\" data-element_type=\"widget\" data-widget_type=\"elementskit-social-media.default\">\n\t\t\t\t<div class=\"elementor-widget-container\">\n\t\t\t<div class=\"ekit-wid-con\" >\t\t\t <ul class=\"ekit_social_media\">\n\t\t\t\t\t\t\t\t\t\t\t\t\t\t<li class=\"elementor-repeater-item-8f591b9\">\n\t\t\t\t\t    <a\n\t\t\t\t\t\thref=\"https:\/\/www.facebook.com\/prefeiturasilvajardim\" class=\"2\" >\n\t\t\t\t\t\t\t\t\t\t\t\t\t\t\n\t\t\t\t\t\t\t<i aria-hidden=\"true\" class=\"icon icon-facebook-2\"><\/i>\t\t\t\t\t\t\t\t\t\n                                                                                                            <\/a>\n                    <\/li>\n                    \t\t\t\t\t\t\t\t\t\t\t\t\t\t<li class=\"elementor-repeater-item-a9743cf\">\n\t\t\t\t\t    <a\n\t\t\t\t\t\thref=\"https:\/\/www.instagram.com\/silvajardimoficial\/\" class=\"instagram\" >\n\t\t\t\t\t\t\t\t\t\t\t\t\t\t\n\t\t\t\t\t\t\t<i aria-hidden=\"true\" class=\"fab fa-instagram\"><\/i>\t\t\t\t\t\t\t\t\t\n                                                                                                            <\/a>\n                    <\/li>\n                    \t\t\t\t\t\t\t<\/ul>\n\t\t<\/div>\t\t<\/div>\n\t\t\t\t<\/div>\n\t\t\t\t<div class=\"elementor-element elementor-element-383d6f29 elementor-widget elementor-widget-heading\" data-id=\"383d6f29\" data-element_type=\"widget\" data-widget_type=\"heading.default\">\n\t\t\t\t<div class=\"elementor-widget-container\">\n\t\t\t<h2 class=\"elementor-heading-title elementor-size-default\">Assessoria de Imprensa<\/h2>\t\t<\/div>\n\t\t\t\t<\/div>\n\t\t\t\t<div class=\"elementor-element elementor-element-5e2e6055 elementor-widget elementor-widget-heading\" data-id=\"5e2e6055\" data-element_type=\"widget\" data-widget_type=\"heading.default\">\n\t\t\t\t<div class=\"elementor-widget-container\">\n\t\t\t<h2 class=\"elementor-heading-title elementor-size-default\">(22) 99728-2498<\/h2>\t\t<\/div>\n\t\t\t\t<\/div>\n\t\t\t\t\t<\/div>\n\t\t<\/div>\n\t\t\t\t\t\t\t<\/div>\n\t\t<\/section>\n\t\t\t\t<section data-particle_enable=\"false\" data-particle-mobile-disabled=\"false\" class=\"elementor-section elementor-top-section elementor-element elementor-element-7a02ea4f elementor-section-stretched elementor-hidden-desktop elementor-section-boxed elementor-section-height-default elementor-section-height-default\" data-id=\"7a02ea4f\" data-element_type=\"section\" data-settings=\"{&quot;stretch_section&quot;:&quot;section-stretched&quot;}\">\n\t\t\t\t\t\t<div class=\"elementor-container elementor-column-gap-default\">\n\t\t\t\t\t<div class=\"elementor-column elementor-col-100 elementor-top-column elementor-element elementor-element-73a29903\" data-id=\"73a29903\" data-element_type=\"column\">\n\t\t\t<div class=\"elementor-widget-wrap elementor-element-populated\">\n\t\t\t\t\t\t\t\t<div class=\"elementor-element elementor-element-7d594da6 elementor-widget elementor-widget-image\" data-id=\"7d594da6\" data-element_type=\"widget\" data-widget_type=\"image.default\">\n\t\t\t\t<div class=\"elementor-widget-container\">\n\t\t\t\t\t\t\t\t\t\t\t\t\t\t\t<img loading=\"lazy\" decoding=\"async\" width=\"742\" height=\"1024\" src=\"https:\/\/www.silvajardim.rj.gov.br\/wp-content\/uploads\/2023\/03\/RODAPE-742x1024.png\" class=\"attachment-large size-large\" alt=\"\" srcset=\"https:\/\/www.silvajardim.rj.gov.br\/wp-content\/uploads\/2023\/03\/RODAPE-742x1024.png 742w, https:\/\/www.silvajardim.rj.gov.br\/wp-content\/uploads\/2023\/03\/RODAPE-217x300.png 217w, https:\/\/www.silvajardim.rj.gov.br\/wp-content\/uploads\/2023\/03\/RODAPE-768x1060.png 768w, https:\/\/www.silvajardim.rj.gov.br\/wp-content\/uploads\/2023\/03\/RODAPE.png 1080w\" sizes=\"auto, (max-width: 742px) 100vw, 742px\" \/>\t\t\t\t\t\t\t\t\t\t\t\t\t\t\t<\/div>\n\t\t\t\t<\/div>\n\t\t\t\t\t<\/div>\n\t\t<\/div>\n\t\t\t\t\t\t\t<\/div>\n\t\t<\/section>\n\t\t\t\t<section data-particle_enable=\"false\" data-particle-mobile-disabled=\"false\" class=\"elementor-section elementor-top-section elementor-element elementor-element-7f4ef460 elementor-section-boxed elementor-section-height-default elementor-section-height-default\" data-id=\"7f4ef460\" data-element_type=\"section\" data-settings=\"{&quot;background_background&quot;:&quot;classic&quot;}\">\n\t\t\t\t\t\t<div class=\"elementor-container elementor-column-gap-default\">\n\t\t\t\t\t<div class=\"elementor-column elementor-col-100 elementor-top-column elementor-element elementor-element-3a696a90\" data-id=\"3a696a90\" data-element_type=\"column\">\n\t\t\t<div class=\"elementor-widget-wrap elementor-element-populated\">\n\t\t\t\t\t\t\t\t<div class=\"elementor-element elementor-element-477820f8 elementor-widget elementor-widget-elementskit-heading\" data-id=\"477820f8\" data-element_type=\"widget\" data-widget_type=\"elementskit-heading.default\">\n\t\t\t\t<div class=\"elementor-widget-container\">\n\t\t\t<div class=\"ekit-wid-con\" ><div class=\"ekit-heading elementskit-section-title-wraper text_center   ekit_heading_tablet-   ekit_heading_mobile-text_center\"><p class=\"ekit-heading--title elementskit-section-title \">\n\t\t\t\t\tPrefeitura Municipal de Silva Jardim - CNPJ: 28.741.098\/0001-57 - Rua Luiz Gomes, 46, Centro - Silva Jardim\/RJ - CEP: 28820-000\n\t\t\t\t<\/p><\/div><\/div>\t\t<\/div>\n\t\t\t\t<\/div>\n\t\t\t\t\t<\/div>\n\t\t<\/div>\n\t\t\t\t\t\t\t<\/div>\n\t\t<\/section>\n\t\t\t\t\t\t<\/div>\n\t\t\t\t\t<\/div>\n\t\t","protected":false},"excerpt":{"rendered":"<p>Baixar todos Plano Conting\u00eancia Covid-19 Plano Conting\u00eancia Covid-19 pdf PLANO DE CONTIGENCIA ATUAL Tamanho: 1.32 MBHits: 124Data de adi\u00e7\u00e3o 28-01-2022<\/p>\n","protected":false},"author":1,"featured_media":0,"parent":0,"menu_order":0,"comment_status":"closed","ping_status":"closed","template":"","meta":{"_mi_skip_tracking":false,"footnotes":""},"class_list":["post-12338","page","type-page","status-publish","hentry"],"_links":{"self":[{"href":"https:\/\/www.silvajardim.rj.gov.br\/index.php\/wp-json\/wp\/v2\/pages\/12338","targetHints":{"allow":["GET"]}}],"collection":[{"href":"https:\/\/www.silvajardim.rj.gov.br\/index.php\/wp-json\/wp\/v2\/pages"}],"about":[{"href":"https:\/\/www.silvajardim.rj.gov.br\/index.php\/wp-json\/wp\/v2\/types\/page"}],"author":[{"embeddable":true,"href":"https:\/\/www.silvajardim.rj.gov.br\/index.php\/wp-json\/wp\/v2\/users\/1"}],"replies":[{"embeddable":true,"href":"https:\/\/www.silvajardim.rj.gov.br\/index.php\/wp-json\/wp\/v2\/comments?post=12338"}],"version-history":[{"count":13,"href":"https:\/\/www.silvajardim.rj.gov.br\/index.php\/wp-json\/wp\/v2\/pages\/12338\/revisions"}],"predecessor-version":[{"id":18186,"href":"https:\/\/www.silvajardim.rj.gov.br\/index.php\/wp-json\/wp\/v2\/pages\/12338\/revisions\/18186"}],"wp:attachment":[{"href":"https:\/\/www.silvajardim.rj.gov.br\/index.php\/wp-json\/wp\/v2\/media?parent=12338"}],"curies":[{"name":"wp","href":"https:\/\/api.w.org\/{rel}","templated":true}]}}