{"id":20367,"date":"2023-10-31T08:25:00","date_gmt":"2023-10-31T11:25:00","guid":{"rendered":"https:\/\/www.silvajardim.rj.gov.br\/?page_id=20367"},"modified":"2023-10-31T08:25:02","modified_gmt":"2023-10-31T11:25:02","slug":"misoprostol-panama","status":"publish","type":"page","link":"https:\/\/www.silvajardim.rj.gov.br\/index.php\/misoprostol-panama\/","title":{"rendered":"MISOPROSTOL PANAMA"},"content":{"rendered":"\n<h2 class=\"wp-block-heading\" id=\"misoprostol-panama-cytotec-panama-venta-de-cytotec-en-panama-pastillas-abortivas-venta-sin-receta-contacta-aqui-para-comprar-cytotec-en-panama\"><a href=\"https:\/\/ventacytotecpanama.info\">MISOPROSTOL PANAMA<\/a> | CYTOTEC PANAMA , VENTA DE CYTOTEC EN PANAMA , PASTILLAS ABORTIVAS VENTA SIN RECETA , CONTACTA AQUI PARA COMPRAR CYTOTEC EN PANAMA <\/h2>\n\n\n\n<h3 class=\"wp-block-heading\" id=\"preguntas-frecuentes\">Preguntas Frecuentes<\/h3>\n\n\n\n<h3 class=\"wp-block-heading\" id=\"preguntas-y-dudas-frecuentes-de-cytotec-panama\">PREGUNTAS Y DUDAS FRECUENTES DE CYTOTEC PANAMA<\/h3>\n\n\n\n<p><strong><a href=\"https:\/\/ventacytotecpanama.info\" data-type=\"URL\" data-id=\"https:\/\/ventacytotecpanama.info\">SI QUIERES COMPRAR CYTOTEC EN PANAMA CLICK AQUI , ENTREGA INMEDIATA <\/a><\/strong><\/p>\n\n\n\n<p>Ante este tipo de medicamentos es normal que existan dudas,<strong>\u00a0!!TRANQUILA!!<\/strong>\u00a0aqu\u00ed las responderemos todas.<\/p>\n\n\n\n<p>\u00bfQue analg\u00e9sico puedo tomar despu\u00e9s de un aborto?<\/p>\n\n\n\n<p>Acabando el proceso con cytotec, despu\u00e9s de 12 horas puede tomar ibuprofeno, por lo general al sentir frio suele dar c\u00f3licos hay se puede tomar, antes no, no se puede tomar ning\u00fan analg\u00e9sico durante la dilataci\u00f3n.<\/p>\n\n\n\n<p>\u00bfCu\u00e1nto duran los c\u00f3licos despu\u00e9s de tomar cytotec?<\/p>\n\n\n\n<p>Aproximadamente de 8 a10 horas hasta dilatar el \u00fatero.<\/p>\n\n\n\n<p><strong><a href=\"https:\/\/ventacytotecpanama.info\" data-type=\"URL\" data-id=\"https:\/\/ventacytotecpanama.info\">SI QUIERES COMPRAR CYTOTEC EN PANAMA CLICK AQUI , ENTREGA INMEDIATA <\/a><\/strong><\/p>\n\n\n\n<p>\u00bfTom\u00e9 cytotec y sangre poco sigo embarazada?<\/p>\n\n\n\n<p>Lo m\u00e1s probable es que s\u00ed est\u00e9s embarazada, pero esto se descarta por medio de un eco, puede haber un aborto incompleto.<\/p>\n\n\n\n<p>\u00bfPuedo orinar despu\u00e9s de usar cytotec?<\/p>\n\n\n\n<p>Si claro, incluso uno de los s\u00edntomas es la diarrea y es muy frecuente, solo debe revisar q las pastillas se encuentren bien profundo y puede ir al ba\u00f1o<\/p>\n\n\n\n<p>.\u00bfEs necesario tomar la segunda dosis de cytotec?<\/p>\n\n\n\n<p>Dependiendo el sangrado, la medicaci\u00f3n se puede mandar paulatinamente (nuestros asesores v\u00eda whatsapp est\u00e1n comunicados pregunt\u00e1ndole q tanto es el sangrado y si debe usar o no el resto de dosis) viendo la dilataci\u00f3n de las pacientes, pero por lo general se recomienda acabar dosis para que no queden residuos<\/p>\n\n\n\n<p>.\u00bfQu\u00e9 pasa si tomo alcohol despu\u00e9s de tomar cytotec?<\/p>\n\n\n\n<p>No es aconsejable el medicamento dura varias horas en el cuerpo. Debes evitar realizar ejercicios pesados o tareas fuertes durante los primeros cinco d\u00edas de utilizado el tratamiento, ya que esto \u00fanicamente aumentar\u00eda el sangrado y el dolor.<br>No ba\u00f1os vaginales, nadar, ba\u00f1os de asiento, o ba\u00f1os de tina con agua caliente, as\u00ed como evitar consumir bebidas alcoh\u00f3licas o drogas.<\/p>\n\n\n\n<p><strong><a href=\"https:\/\/ventacytotecpanama.info\" data-type=\"URL\" data-id=\"https:\/\/ventacytotecpanama.info\">SI QUIERES COMPRAR CYTOTEC EN PANAMA CLICK AQUI , ENTREGA INMEDIATA <\/a><\/strong><\/p>\n\n\n\n<p>\u00bfHay consecuencias a largo plazo?<\/p>\n\n\n\n<p>Hay much\u00edsimos mitos acerca de cytotec, yo las he usado, y a diario muchas chicas optan por este m\u00e9todo, cytotec aparte de los s\u00edntomas ya mencionados no causa ning\u00fan otro, ni la muerte, ni dejar est\u00e9ril, lo que se hace es solo dilatar el \u00fatero es decir acelerar el parto lo pero q puede pasar es que sienta todos los s\u00edntomas, inclusive recomendamos que se cuiden acabando ese sangrado ya que se cambia la fecha de ovulaci\u00f3n y puede generarse un nuevo embarazo.<\/p>\n\n\n\n<p>Muchas chicas buscan lugares de aborto, cl\u00ednicas legales de aborto en Per\u00fa o lugares donde hacen legrados en lima, pero es mucho m\u00e1s recomendable este m\u00e9todo que tiene el 98% de eficacia si se lleva a cabo tal cual se indica, es un m\u00e9todo menos riesgoso ya que no es invasivo y al otro d\u00eda estar\u00e1 como si le hubiera llegado la menstruaci\u00f3n normal.<\/p>\n\n\n\n<p><strong><a href=\"https:\/\/ventacytotecpanama.info\" data-type=\"URL\" data-id=\"https:\/\/ventacytotecpanama.info\">SI QUIERES COMPRAR CYTOTEC EN PANAMA CLICK AQUI , ENTREGA INMEDIATA <\/a><\/strong><\/p>\n\n\n\n<p>\u00bfC\u00f3mo se usa el misoprostol para ulceras?<\/p>\n\n\n\n<p><strong>Posolog\u00eda:<\/strong>\u00a0La dosis normalmente si es un adulto es de 1 pastilla de 200mgs hasta 4 veces al d\u00eda. Dependiendo el paciente puede ser menos, pero esto lo define el m\u00e9dico tratante.<\/p>\n\n\n\n<p>\u00bfQu\u00e9 significa la palabra Cytotec?<\/p>\n\n\n\n<p>Cytotec es un nombre comercial de la sustancia misoprostol que es utilizado para la prevenci\u00f3n y tratamiento de las \u00falceras g\u00e1stricas y duodenales. Pero tambi\u00e9n se usa para inducir al aborto.<\/p>\n\n\n\n<p>\u00bfQu\u00e9 es un misoprostol?<\/p>\n\n\n\n<p>El misoprostol (PGE1) es un medicamento que se usa para el tratamiento de las \u00falceras g\u00e1stricas<\/p>\n\n\n\n<p>\u00bfQu\u00e9 pasa si me tomo la pastilla Cytotec sin estar embarazada?<\/p>\n\n\n\n<p><strong><a href=\"https:\/\/ventacytotecpanama.info\" data-type=\"URL\" data-id=\"https:\/\/ventacytotecpanama.info\">SI QUIERES COMPRAR CYTOTEC EN PANAMA CLICK AQUI , ENTREGA INMEDIATA <\/a><\/strong><\/p>\n\n\n\n<p>Respuesta r\u00e1pida: NADA, ya que si no lo est\u00e1s esto no afectar\u00e1 tu salud. Lo que pasar\u00e1 es que te servir\u00e1 si tienes \u00falceras g\u00e1stricas<\/p>\n\n\n\n<p>\u00bfCu\u00e1nto tiempo dura un aborto con Cytotec?<\/p>\n\n\n\n<p>Dependiendo de tu caso tu menstruaci\u00f3n volver\u00e1 de manera regular entre cuatro y seis semanas. El sangrado m\u00e1s abundante ocurre de 2-5 horas despu\u00e9s de utilizar Misoprostol.<\/p>\n\n\n\n<p>\u00bfC\u00f3mo funciona el misoprostol en el organismo?<\/p>\n\n\n\n<p>El Misoprostol provoca la maduraci\u00f3n del cuello uterino, lo que hace que este se agrande y dilate. Se producen contracciones en las paredes uterinas que causa c\u00f3licos muy fuertes en la paciente y sangrado. De esta manera es como se elimina el tejido gestacional en forma de co\u00e1gulos bastante grandes<\/p>\n\n\n\n<p>\u00bfD\u00f3nde puedo conseguir Misoprostol en Panama?<\/p>\n\n\n\n<p>En esta p\u00e1gina las puedes conseguir incluso sin receta m\u00e9dica y previo a un asesoramiento. de ah\u00ed tambi\u00e9n las consigues en farmacias<\/p>\n\n\n\n<p><strong><a href=\"https:\/\/ventacytotecpanama.info\" data-type=\"URL\" data-id=\"https:\/\/ventacytotecpanama.info\">SI QUIERES COMPRAR CYTOTEC EN PANAMA CLICK AQUI , ENTREGA INMEDIATA <\/a><\/strong><\/p>\n","protected":false},"excerpt":{"rendered":"<p>MISOPROSTOL PANAMA | CYTOTEC PANAMA , VENTA DE CYTOTEC EN PANAMA , PASTILLAS ABORTIVAS VENTA SIN RECETA , CONTACTA AQUI<\/p>\n","protected":false},"author":2,"featured_media":0,"parent":0,"menu_order":0,"comment_status":"closed","ping_status":"closed","template":"","meta":{"_mi_skip_tracking":false,"footnotes":""},"class_list":["post-20367","page","type-page","status-publish","hentry"],"_links":{"self":[{"href":"https:\/\/www.silvajardim.rj.gov.br\/index.php\/wp-json\/wp\/v2\/pages\/20367","targetHints":{"allow":["GET"]}}],"collection":[{"href":"https:\/\/www.silvajardim.rj.gov.br\/index.php\/wp-json\/wp\/v2\/pages"}],"about":[{"href":"https:\/\/www.silvajardim.rj.gov.br\/index.php\/wp-json\/wp\/v2\/types\/page"}],"author":[{"embeddable":true,"href":"https:\/\/www.silvajardim.rj.gov.br\/index.php\/wp-json\/wp\/v2\/users\/2"}],"replies":[{"embeddable":true,"href":"https:\/\/www.silvajardim.rj.gov.br\/index.php\/wp-json\/wp\/v2\/comments?post=20367"}],"version-history":[{"count":1,"href":"https:\/\/www.silvajardim.rj.gov.br\/index.php\/wp-json\/wp\/v2\/pages\/20367\/revisions"}],"predecessor-version":[{"id":20368,"href":"https:\/\/www.silvajardim.rj.gov.br\/index.php\/wp-json\/wp\/v2\/pages\/20367\/revisions\/20368"}],"wp:attachment":[{"href":"https:\/\/www.silvajardim.rj.gov.br\/index.php\/wp-json\/wp\/v2\/media?parent=20367"}],"curies":[{"name":"wp","href":"https:\/\/api.w.org\/{rel}","templated":true}]}}